{"id":147,"date":"2023-11-27T20:06:08","date_gmt":"2023-11-27T20:06:08","guid":{"rendered":"https:\/\/sknereus.scientist.se\/?post_type=product&#038;p=147"},"modified":"2023-12-06T20:56:50","modified_gmt":"2023-12-06T20:56:50","slug":"korta-leggings-dam","status":"publish","type":"product","link":"https:\/\/sknereus.scientist.se\/?product=korta-leggings-dam","title":{"rendered":"Korta Leggings Dam"},"content":{"rendered":"<ul>\n<li>Material: 90% Polyester, 10% Elastan<\/li>\n<li>Vikt: 260g\/m\u00b2<\/li>\n<li>Sk\u00f6tselr\u00e5d: Tv\u00e4tt 40 \u00b0 C<\/li>\n<li>Certifieringar: BSCI, SEDEX, Wrap<\/li>\n<li>Mjukt stretchtyg<\/li>\n<li>Djupt midjeband<\/li>\n<li>Slutar p\u00e5 mitten av l\u00e5ret<\/li>\n<\/ul>\n<p><a href=\"https:\/\/profilewear.se\/image\/\/catalog\/brands\/TriDri\/specifications\/TR046_Spec.jpg\" target=\"_blank\" rel=\"noopener\">Storlekstabell<\/a><br \/>\n<a href=\"https:\/\/profilewear.se\/image\/\/catalog\/brands\/AWDis\/just_cool_specifications\/AWDIS_how_to_measure_guide.pdf\" target=\"_blank\" rel=\"noopener\">Storleksguide<\/a><\/p>\n","protected":false},"excerpt":{"rendered":"<p>Material: 90% Polyester, 10% Elastan Vikt: 260g\/m\u00b2 Sk\u00f6tselr\u00e5d: Tv\u00e4tt 40 \u00b0 C Certifieringar: BSCI, SEDEX, Wrap Mjukt stretchtyg Djupt midjeband Slutar p\u00e5 mitten av l\u00e5ret Storlekstabell Storleksguide<\/p>\n","protected":false},"featured_media":22,"comment_status":"open","ping_status":"closed","template":"","meta":[],"product_cat":[35],"product_tag":[],"class_list":{"0":"post-147","1":"product","2":"type-product","3":"status-publish","4":"has-post-thumbnail","6":"product_cat-shorts-tights","8":"first","9":"instock","10":"taxable","11":"shipping-taxable","12":"purchasable","13":"product-type-variable"},"_links":{"self":[{"href":"https:\/\/sknereus.scientist.se\/index.php?rest_route=\/wp\/v2\/product\/147","targetHints":{"allow":["GET"]}}],"collection":[{"href":"https:\/\/sknereus.scientist.se\/index.php?rest_route=\/wp\/v2\/product"}],"about":[{"href":"https:\/\/sknereus.scientist.se\/index.php?rest_route=\/wp\/v2\/types\/product"}],"replies":[{"embeddable":true,"href":"https:\/\/sknereus.scientist.se\/index.php?rest_route=%2Fwp%2Fv2%2Fcomments&post=147"}],"wp:featuredmedia":[{"embeddable":true,"href":"https:\/\/sknereus.scientist.se\/index.php?rest_route=\/wp\/v2\/media\/22"}],"wp:attachment":[{"href":"https:\/\/sknereus.scientist.se\/index.php?rest_route=%2Fwp%2Fv2%2Fmedia&parent=147"}],"wp:term":[{"taxonomy":"product_cat","embeddable":true,"href":"https:\/\/sknereus.scientist.se\/index.php?rest_route=%2Fwp%2Fv2%2Fproduct_cat&post=147"},{"taxonomy":"product_tag","embeddable":true,"href":"https:\/\/sknereus.scientist.se\/index.php?rest_route=%2Fwp%2Fv2%2Fproduct_tag&post=147"}],"curies":[{"name":"wp","href":"https:\/\/api.w.org\/{rel}","templated":true}]}}