{"id":144,"date":"2023-11-27T20:05:03","date_gmt":"2023-11-27T20:05:03","guid":{"rendered":"https:\/\/sknereus.scientist.se\/?post_type=product&#038;p=144"},"modified":"2023-12-06T20:57:17","modified_gmt":"2023-12-06T20:57:17","slug":"atervunna-korta-leggings","status":"publish","type":"product","link":"https:\/\/sknereus.scientist.se\/?product=atervunna-korta-leggings","title":{"rendered":"\u00c5tervunna Korta Leggings"},"content":{"rendered":"<ul>\n<li>Material: 80% \u00c5tervunnen polyester, 20% Elastan<\/li>\n<li>Vikt: 240g\/m\u00b2<\/li>\n<li>Sk\u00f6tselr\u00e5d: Tv\u00e4tt 40 \u00b0 C, H\u00e4ngtorkas, Tv\u00e4ttas ut och in med liknande f\u00e4rger<\/li>\n<li>Certifieringar: BSCI, SEDEX, Wrap<\/li>\n<li>3\/4-l\u00e4ngd leggings<\/li>\n<li>Mjukt stretchtyg<\/li>\n<li>Elastisk midjeband<\/li>\n<li>Svart inre midjeband och myntficka<\/li>\n<li>Sidopaneler till benen med dold insatsficka<\/li>\n<\/ul>\n<p><a href=\"https:\/\/profilewear.se\/image\/\/catalog\/brands\/TriDri\/specifications\/TR530_Spec.jpg\" target=\"_blank\" rel=\"noopener\">Storlekstabell<\/a><\/p>\n<p><a href=\"https:\/\/profilewear.se\/image\/\/catalog\/brands\/AWDis\/just_cool_specifications\/AWDIS_how_to_measure_guide.pdf\" target=\"_blank\" rel=\"noopener\">Storleksguide<\/a><\/p>\n","protected":false},"excerpt":{"rendered":"<p>Material: 80% \u00c5tervunnen polyester, 20% Elastan Vikt: 240g\/m\u00b2 Sk\u00f6tselr\u00e5d: Tv\u00e4tt 40 \u00b0 C, H\u00e4ngtorkas, Tv\u00e4ttas ut och in med liknande f\u00e4rger Certifieringar: BSCI, SEDEX, Wrap 3\/4-l\u00e4ngd leggings Mjukt stretchtyg Elastisk midjeband Svart inre midjeband och myntficka Sidopaneler till benen med dold insatsficka Storlekstabell Storleksguide<\/p>\n","protected":false},"featured_media":23,"comment_status":"open","ping_status":"closed","template":"","meta":[],"product_cat":[35],"product_tag":[],"class_list":{"0":"post-144","1":"product","2":"type-product","3":"status-publish","4":"has-post-thumbnail","6":"product_cat-shorts-tights","8":"first","9":"instock","10":"taxable","11":"shipping-taxable","12":"purchasable","13":"product-type-variable"},"_links":{"self":[{"href":"https:\/\/sknereus.scientist.se\/index.php?rest_route=\/wp\/v2\/product\/144","targetHints":{"allow":["GET"]}}],"collection":[{"href":"https:\/\/sknereus.scientist.se\/index.php?rest_route=\/wp\/v2\/product"}],"about":[{"href":"https:\/\/sknereus.scientist.se\/index.php?rest_route=\/wp\/v2\/types\/product"}],"replies":[{"embeddable":true,"href":"https:\/\/sknereus.scientist.se\/index.php?rest_route=%2Fwp%2Fv2%2Fcomments&post=144"}],"wp:featuredmedia":[{"embeddable":true,"href":"https:\/\/sknereus.scientist.se\/index.php?rest_route=\/wp\/v2\/media\/23"}],"wp:attachment":[{"href":"https:\/\/sknereus.scientist.se\/index.php?rest_route=%2Fwp%2Fv2%2Fmedia&parent=144"}],"wp:term":[{"taxonomy":"product_cat","embeddable":true,"href":"https:\/\/sknereus.scientist.se\/index.php?rest_route=%2Fwp%2Fv2%2Fproduct_cat&post=144"},{"taxonomy":"product_tag","embeddable":true,"href":"https:\/\/sknereus.scientist.se\/index.php?rest_route=%2Fwp%2Fv2%2Fproduct_tag&post=144"}],"curies":[{"name":"wp","href":"https:\/\/api.w.org\/{rel}","templated":true}]}}